{"id":26,"date":"2026-05-11T19:49:00","date_gmt":"2026-05-11T19:49:00","guid":{"rendered":"https:\/\/vandihaven.dk\/?page_id=26"},"modified":"2026-05-11T20:57:33","modified_gmt":"2026-05-11T20:57:33","slug":"forside-vandihaven-dk","status":"publish","type":"page","link":"https:\/\/vandihaven.dk\/?page_id=26","title":{"rendered":"Forside vandihaven.dk"},"content":{"rendered":"\t\t<div data-elementor-type=\"wp-page\" data-elementor-id=\"26\" class=\"elementor elementor-26\">\n\t\t\t\t<div class=\"elementor-element elementor-element-d916ae4 e-con-full e-flex e-con e-parent\" data-id=\"d916ae4\" data-element_type=\"container\" data-e-type=\"container\" data-settings=\"{&quot;background_background&quot;:&quot;classic&quot;}\">\n\t\t\t\t\t\t\t<h1 \n\t\tdata-interaction-id=\"e6f2ee9\" \n\t\tclass=\"e-e6f2ee9-adddd73 e-heading-base\" \n\t\t \n\t\t\n\t>\n\t\n\t\t\t<strong id=\"e-mp1he2e3-ljq6f46\">Vand i haven<\/strong>\n\t\t<\/h1>\n\t\t\t\t\t\t\t<h3 \n\t\tdata-interaction-id=\"fd1cd85\" \n\t\tclass=\"e-fd1cd85-9e8cad1 e-heading-base\" \n\t\t \n\t\t\n\t>\n\t\n\t\t\t<a target=\"_blank\" href=\"https:\/\/havedamscenter.dk\/\" id=\"e-mp1hdxfu-9e6ohny\">af&nbsp;Sydsj\u00e6llands&nbsp;Havedamscenter<\/a>\n\t\t<\/h3>\n\t\t\t\t\t    \t            <button class=\"e-d6f0949-9c278ff e-button-base\" data-interaction-id=\"d6f0949\"  >\n            Bes\u00f8g Sydsj\u00e6llands Havedamscenter\n        <\/button>\n    \t\t\t\t<\/div>\n\t\t<div class=\"elementor-element elementor-element-44f0f9f e-flex e-con-boxed e-con e-parent\" data-id=\"44f0f9f\" data-element_type=\"container\" data-e-type=\"container\">\n\t\t\t\t\t<div class=\"e-con-inner\">\n\t\t\t\t\t\t\t<h2 \n\t\tdata-interaction-id=\"ee06411\" \n\t\tclass=\"e-ee06411-7ea341f e-heading-base\" \n\t\t \n\t\t\n\t>\n\t\n\t\t\tDyk ned i en masse nyttig vand i haven-viden her p\u00e5 siden. <br>Tryk ind p\u00e5 de forskellige emner herunder\n\t\t<\/h2>\n\t\t\t\t\t<\/div>\n\t\t\t\t<\/div>\n\t\t<div class=\"elementor-element elementor-element-95198c1 e-flex e-con-boxed e-con e-parent\" data-id=\"95198c1\" data-element_type=\"container\" data-e-type=\"container\">\n\t\t\t\t\t<div class=\"e-con-inner\">\n\t\t<div class=\"elementor-element elementor-element-806ba61 e-con-full e-flex e-con e-child\" data-id=\"806ba61\" data-element_type=\"container\" data-e-type=\"container\" data-settings=\"{&quot;background_background&quot;:&quot;classic&quot;}\">\n\t\t\t\t\t\t\t\n\t\t\t<img class=\"e-image-base e-a45c550-d5e4b3f\" \n\t\t\t\t\tdata-interaction-id=\"a45c550\" \n\t\t \n\t\t \n\t\t\t\t\t\t\t\t\tid=\"39\"\n\t\t\t\t\t\t\t\t\t\t\t\tsrc=\"https:\/\/vandihaven.dk\/wp-content\/uploads\/2026\/05\/396840640_849307393865793_7771591595390630283_n-e1778525551301.jpg\"\n\t\t\t\t\t\t\t\t\t\t\t\twidth=\"1536\"\n\t\t\t\t\t\t\t\t\t\t\t\theight=\"1154\"\n\t\t\t\t\t\t\t\t\t\t\t\tsrcset=\"https:\/\/vandihaven.dk\/wp-content\/uploads\/2026\/05\/396840640_849307393865793_7771591595390630283_n-e1778525551301.jpg 1536w, https:\/\/vandihaven.dk\/wp-content\/uploads\/2026\/05\/396840640_849307393865793_7771591595390630283_n-e1778525551301-300x225.jpg 300w, https:\/\/vandihaven.dk\/wp-content\/uploads\/2026\/05\/396840640_849307393865793_7771591595390630283_n-e1778525551301-1024x769.jpg 1024w, https:\/\/vandihaven.dk\/wp-content\/uploads\/2026\/05\/396840640_849307393865793_7771591595390630283_n-e1778525551301-768x577.jpg 768w\"\n\t\t\t\t\t\t\t\t\t\t\t\talt=\"\"\n\t\t\t\t\t\t\/>\n\t\t\t\t\t\t\t\t<h3 \n\t\tdata-interaction-id=\"644f403\" \n\t\tclass=\"e-644f403-ee676be e-heading-base\" \n\t\t \n\t\t\n\t>\n\t\n\t\t\tFisk i haven\n\t\t<\/h3>\n\t\t\t\t<\/div>\n\t\t<div class=\"elementor-element elementor-element-3274810 e-con-full e-flex e-con e-child\" data-id=\"3274810\" data-element_type=\"container\" data-e-type=\"container\" data-settings=\"{&quot;background_background&quot;:&quot;classic&quot;}\">\n\t\t\t\t\t\t\t\n\t\t\t<img class=\"e-image-base e-c60127e-acdbfb5\" \n\t\t\t\t\tdata-interaction-id=\"c60127e\" \n\t\t \n\t\t \n\t\t\t\t\t\t\t\t\tid=\"36\"\n\t\t\t\t\t\t\t\t\t\t\t\tsrc=\"https:\/\/vandihaven.dk\/wp-content\/uploads\/2026\/05\/Naestved1.jpg\"\n\t\t\t\t\t\t\t\t\t\t\t\twidth=\"828\"\n\t\t\t\t\t\t\t\t\t\t\t\theight=\"621\"\n\t\t\t\t\t\t\t\t\t\t\t\tsrcset=\"https:\/\/vandihaven.dk\/wp-content\/uploads\/2026\/05\/Naestved1.jpg 828w, https:\/\/vandihaven.dk\/wp-content\/uploads\/2026\/05\/Naestved1-300x225.jpg 300w, https:\/\/vandihaven.dk\/wp-content\/uploads\/2026\/05\/Naestved1-768x576.jpg 768w\"\n\t\t\t\t\t\t\t\t\t\t\t\talt=\"\"\n\t\t\t\t\t\t\/>\n\t\t\t\t\t\t\t\t<h3 \n\t\tdata-interaction-id=\"0d80085\" \n\t\tclass=\"e-0d80085-027fe30 e-heading-base\" \n\t\t \n\t\t\n\t>\n\t\n\t\t\tVand i haven\n\t\t<\/h3>\n\t\t\t\t<\/div>\n\t\t<div class=\"elementor-element elementor-element-4265a9a e-con-full e-flex e-con e-child\" data-id=\"4265a9a\" data-element_type=\"container\" data-e-type=\"container\" data-settings=\"{&quot;background_background&quot;:&quot;classic&quot;}\">\n\t\t\t\t\t\t\t\n\t\t\t<img class=\"e-image-base e-2c8d09a-ce3a2dc\" \n\t\t\t\t\tdata-interaction-id=\"2c8d09a\" \n\t\t \n\t\t \n\t\t\t\t\t\t\t\t\tid=\"38\"\n\t\t\t\t\t\t\t\t\t\t\t\tsrc=\"https:\/\/vandihaven.dk\/wp-content\/uploads\/2026\/05\/346992344_211837918305980_6149949435407180178_n.jpg\"\n\t\t\t\t\t\t\t\t\t\t\t\twidth=\"2048\"\n\t\t\t\t\t\t\t\t\t\t\t\theight=\"1536\"\n\t\t\t\t\t\t\t\t\t\t\t\tsrcset=\"https:\/\/vandihaven.dk\/wp-content\/uploads\/2026\/05\/346992344_211837918305980_6149949435407180178_n.jpg 2048w, https:\/\/vandihaven.dk\/wp-content\/uploads\/2026\/05\/346992344_211837918305980_6149949435407180178_n-300x225.jpg 300w, https:\/\/vandihaven.dk\/wp-content\/uploads\/2026\/05\/346992344_211837918305980_6149949435407180178_n-1024x768.jpg 1024w, https:\/\/vandihaven.dk\/wp-content\/uploads\/2026\/05\/346992344_211837918305980_6149949435407180178_n-768x576.jpg 768w, https:\/\/vandihaven.dk\/wp-content\/uploads\/2026\/05\/346992344_211837918305980_6149949435407180178_n-1536x1152.jpg 1536w\"\n\t\t\t\t\t\t\t\t\t\t\t\talt=\"\"\n\t\t\t\t\t\t\/>\n\t\t\t\t\t\t\t\t<h3 \n\t\tdata-interaction-id=\"d6f0c34\" \n\t\tclass=\"e-d6f0c34-65bb381 e-heading-base\" \n\t\t \n\t\t\n\t>\n\t\n\t\t\tVandplanter i haven\n\t\t<\/h3>\n\t\t\t\t<\/div>\n\t\t\t\t\t<\/div>\n\t\t\t\t<\/div>\n\t\t<div class=\"elementor-element elementor-element-a2465f6 e-flex e-con-boxed e-con e-parent\" data-id=\"a2465f6\" data-element_type=\"container\" data-e-type=\"container\">\n\t\t\t\t\t<div class=\"e-con-inner\">\n\t\t\t\t<div class=\"elementor-element elementor-element-8369de7 e-con e-atomic-element e-flexbox-base e-8369de7-8cd2c59\" data-id=\"8369de7\" data-element_type=\"e-flexbox\" data-e-type=\"e-flexbox\" data-interaction-id=\"8369de7\">\n\t\t<div class=\"elementor-element elementor-element-6b38b45 e-con-full e-flex e-con e-child\" data-id=\"6b38b45\" data-element_type=\"container\" data-e-type=\"container\">\n\t\t\t\t\t\t\t<h2 \n\t\tdata-interaction-id=\"156acbc\" \n\t\tclass=\"e-156acbc-086fdf4 e-heading-base\" \n\t\t \n\t\t\n\t>\n\t\n\t\t\tHvem st\u00e5r bag vandihaven.dk?\n\t\t<\/h2>\n\t\t\t\t\t\t\t\t<p class=\"e-de22360-5d0f7d3 e-paragraph-base\" data-interaction-id=\"de22360\"  >\n\t\t\t\t\t\t\t\tP\u00e5 billedet ses indehaverne af Sydsj\u00e6llands Havedamscenter; Tomas og Mona. De kan findes hver dag hele s\u00e6sonen i Havedamscenteret, der ligger p\u00e5 Sandagervej 3, 4733 Tappern\u00f8je.&nbsp;<br><br>Uanset om du er til spejlbassin, store koi, vandplanter eller guldfisk, s\u00e5 er der stort udvalg i butikken, og der er ogs\u00e5 en webshop, hvis man bor for langt v\u00e6k fra Tappern\u00f8je.&nbsp;<br><br>Tomas startede forretningen i 2009, da han endelig realiserede sin \u00e5rlange dr\u00f8m om at leve af sin hobby. En hobby der startede allerede, da han var dreng og fik lov at grave et hul i haven hos for\u00e6ldrene. Mona kom med i butikken og overtog webshop-ansvaret i 2022, da Tomas havde brug for en hj\u00e6lpende h\u00e5nd.&nbsp;<br><br>I butikken f\u00e5r I altid god service, og b\u00e5de Tomas og Mona tager sig tid til en god havedams-snak med alle jer, der har brug for inspiration, gode historier eller vejledning i, hvad der er den bedste l\u00f8sning.&nbsp;\n\t\t\t\t\t<\/p>\n\t\t\t\t\t    \t            <button class=\"e-fc3a316-09edae8 e-button-base\" data-interaction-id=\"fc3a316\"  >\n            Bes\u00f8g Sydsj\u00e6llands Havedamscenter her\n        <\/button>\n    \t\t\t\t<\/div>\n\t\t<div class=\"elementor-element elementor-element-3054e96 e-con-full e-flex e-con e-child\" data-id=\"3054e96\" data-element_type=\"container\" data-e-type=\"container\">\n\t\t\t\t\t\t\t\n\t\t\t<img class=\"e-image-base e-c6947a3-b649335\" \n\t\t\t\t\tdata-interaction-id=\"c6947a3\" \n\t\t \n\t\t \n\t\t\t\t\t\t\t\t\tid=\"40\"\n\t\t\t\t\t\t\t\t\t\t\t\tsrc=\"https:\/\/vandihaven.dk\/wp-content\/uploads\/2026\/05\/morsdag.jpg\"\n\t\t\t\t\t\t\t\t\t\t\t\twidth=\"1206\"\n\t\t\t\t\t\t\t\t\t\t\t\theight=\"1252\"\n\t\t\t\t\t\t\t\t\t\t\t\tsrcset=\"https:\/\/vandihaven.dk\/wp-content\/uploads\/2026\/05\/morsdag.jpg 1206w, https:\/\/vandihaven.dk\/wp-content\/uploads\/2026\/05\/morsdag-289x300.jpg 289w, https:\/\/vandihaven.dk\/wp-content\/uploads\/2026\/05\/morsdag-986x1024.jpg 986w, https:\/\/vandihaven.dk\/wp-content\/uploads\/2026\/05\/morsdag-768x797.jpg 768w\"\n\t\t\t\t\t\t\t\t\t\t\t\talt=\"\"\n\t\t\t\t\t\t\/>\n\t\t\t\t\t<\/div>\n\t\t\t\t<\/div>\n\t\t\t\t\t<\/div>\n\t\t\t\t<\/div>\n\t\t<div class=\"elementor-element elementor-element-2fbfc5d e-flex e-con-boxed e-con e-parent\" data-id=\"2fbfc5d\" data-element_type=\"container\" data-e-type=\"container\">\n\t\t\t\t\t<div class=\"e-con-inner\">\n\t\t\t\t<div class=\"elementor-element elementor-element-05bd2df e-con e-atomic-element e-flexbox-base e-05bd2df-d2394e8\" data-id=\"05bd2df\" data-element_type=\"e-flexbox\" data-e-type=\"e-flexbox\" data-interaction-id=\"05bd2df\">\n\t\t\t\t\t\t\t\n\t\t\t<img class=\"e-image-base e-b4e001e-591ba73\" \n\t\t\t\t\tdata-interaction-id=\"b4e001e\" \n\t\t \n\t\t \n\t\t\t\t\t\t\t\t\tid=\"51\"\n\t\t\t\t\t\t\t\t\t\t\t\tsrc=\"https:\/\/vandihaven.dk\/wp-content\/uploads\/2026\/05\/Skaermbillede-2026-05-11-kl.-21.17.03-e1778530497535.png\"\n\t\t\t\t\t\t\t\t\t\t\t\twidth=\"1010\"\n\t\t\t\t\t\t\t\t\t\t\t\theight=\"1047\"\n\t\t\t\t\t\t\t\t\t\t\t\tsrcset=\"https:\/\/vandihaven.dk\/wp-content\/uploads\/2026\/05\/Skaermbillede-2026-05-11-kl.-21.17.03-e1778530497535.png 1010w, https:\/\/vandihaven.dk\/wp-content\/uploads\/2026\/05\/Skaermbillede-2026-05-11-kl.-21.17.03-e1778530497535-289x300.png 289w, https:\/\/vandihaven.dk\/wp-content\/uploads\/2026\/05\/Skaermbillede-2026-05-11-kl.-21.17.03-e1778530497535-988x1024.png 988w, https:\/\/vandihaven.dk\/wp-content\/uploads\/2026\/05\/Skaermbillede-2026-05-11-kl.-21.17.03-e1778530497535-768x796.png 768w\"\n\t\t\t\t\t\t\t\t\t\t\t\talt=\"\"\n\t\t\t\t\t\t\/>\n\t\t\t\t\t<div class=\"elementor-element elementor-element-026db95 e-con e-atomic-element e-flexbox-base e-026db95-eb7572c\" data-id=\"026db95\" data-element_type=\"e-flexbox\" data-e-type=\"e-flexbox\" data-interaction-id=\"026db95\">\n\t\t\t\t\t\t\t<h2 \n\t\tdata-interaction-id=\"89c4982\" \n\t\tclass=\"e-89c4982-13cc059 e-heading-base\" \n\t\t \n\t\t\n\t>\n\t\n\t\t\tHvor kan du finde os?\n\t\t<\/h2>\n\t\t\t\t\t\t\t\t<p class=\"e-1824ba0-727967d e-paragraph-base\" data-interaction-id=\"1824ba0\"  >\n\t\t\t\t\t\t\t\tVi har b\u00e5de butik, webshop og sociale medier, s\u00e5 der er rig mulighed for at f\u00f8lge med og dr\u00f8fte en masse havedams-projekter.<br>Vi gl\u00e6der os til at hilse p\u00e5 dig!\n\t\t\t\t\t<\/p>\n\t\t\t\t<div class=\"elementor-element elementor-element-2b5e841 elementor-widget elementor-widget-google_maps\" data-id=\"2b5e841\" data-element_type=\"widget\" data-e-type=\"widget\" data-widget_type=\"google_maps.default\">\n\t\t\t\t\t\t\t<div class=\"elementor-custom-embed\">\n\t\t\t<iframe loading=\"lazy\"\n\t\t\t\t\tsrc=\"https:\/\/maps.google.com\/maps?q=Sandagervej%203%2C%204733%20Tappern%C3%B8je&#038;t=m&#038;z=10&#038;output=embed&#038;iwloc=near\"\n\t\t\t\t\ttitle=\"Sandagervej 3, 4733 Tappern\u00f8je\"\n\t\t\t\t\taria-label=\"Sandagervej 3, 4733 Tappern\u00f8je\"\n\t\t\t><\/iframe>\n\t\t<\/div>\n\t\t\t\t\t\t<\/div>\n\t\t\t\t<div class=\"elementor-element elementor-element-18389e6 e-con e-atomic-element e-flexbox-base\" data-id=\"18389e6\" data-element_type=\"e-flexbox\" data-e-type=\"e-flexbox\" data-interaction-id=\"18389e6\">\n\t\t\t\t\t    \t            <a\n            href=\"https:\/\/havedamscenter.dk\/\" target=\"_blank\"\n            class=\"e-b34c5cc-226b64a e-button-base\"\n            data-interaction-id=\"b34c5cc\"\n             \n        >\n            Webshop\n        <\/a>\n    \t\t\t\t\t    \t            <a\n            href=\"https:\/\/www.facebook.com\/havedamscenter?locale=da_DK\" target=\"_blank\"\n            class=\"e-aa863d9-484a5da e-button-base\"\n            data-interaction-id=\"aa863d9\"\n             \n        >\n            Facebook\n        <\/a>\n    \t\t\t\t\t    \t            <a\n            href=\"https:\/\/www.instagram.com\/sydsjaellands_havedamscenter\/\" target=\"_blank\"\n            class=\"e-ecf7f2b-ef52d64 e-button-base\"\n            data-interaction-id=\"ecf7f2b\"\n             \n        >\n            Instagram\n        <\/a>\n    \t\t\t\t\t    \t            <a\n            href=\"https:\/\/www.youtube.com\/@Havedamscenter\" target=\"_blank\"\n            class=\"e-bfb172e-f5045d7 e-button-base\"\n            data-interaction-id=\"bfb172e\"\n             \n        >\n            YouTube\n        <\/a>\n    \t\t\t\t<\/div>\n\t\t\t\t<\/div>\n\t\t\t\t<\/div>\n\t\t\t\t\t<\/div>\n\t\t\t\t<\/div>\n\t\t\t\t<\/div>\n\t\t","protected":false},"excerpt":{"rendered":"<p>Vand i haven af&nbsp;Sydsj\u00e6llands&nbsp;Havedamscenter Bes\u00f8g Sydsj\u00e6llands Havedamscenter Dyk ned i en masse nyttig vand i haven-viden her p\u00e5 siden. Tryk [&hellip;]<\/p>\n","protected":false},"author":1,"featured_media":40,"parent":0,"menu_order":0,"comment_status":"closed","ping_status":"closed","template":"elementor_header_footer","meta":{"site-sidebar-layout":"no-sidebar","site-content-layout":"","ast-site-content-layout":"full-width-container","site-content-style":"default","site-sidebar-style":"default","ast-global-header-display":"","ast-banner-title-visibility":"","ast-main-header-display":"","ast-hfb-above-header-display":"","ast-hfb-below-header-display":"","ast-hfb-mobile-header-display":"","site-post-title":"","ast-breadcrumbs-content":"","ast-featured-img":"disabled","footer-sml-layout":"","ast-disable-related-posts":"","theme-transparent-header-meta":"","adv-header-id-meta":"","stick-header-meta":"","header-above-stick-meta":"","header-main-stick-meta":"","header-below-stick-meta":"","astra-migrate-meta-layouts":"default","ast-page-background-enabled":"default","ast-page-background-meta":{"desktop":{"background-color":"var(--ast-global-color-5)","background-image":"","background-repeat":"repeat","background-position":"center center","background-size":"auto","background-attachment":"scroll","background-type":"","background-media":"","overlay-type":"","overlay-color":"","overlay-opacity":"","overlay-gradient":""},"tablet":{"background-color":"","background-image":"","background-repeat":"repeat","background-position":"center center","background-size":"auto","background-attachment":"scroll","background-type":"","background-media":"","overlay-type":"","overlay-color":"","overlay-opacity":"","overlay-gradient":""},"mobile":{"background-color":"","background-image":"","background-repeat":"repeat","background-position":"center center","background-size":"auto","background-attachment":"scroll","background-type":"","background-media":"","overlay-type":"","overlay-color":"","overlay-opacity":"","overlay-gradient":""}},"ast-content-background-meta":{"desktop":{"background-color":"var(--ast-global-color-4)","background-image":"","background-repeat":"repeat","background-position":"center center","background-size":"auto","background-attachment":"scroll","background-type":"","background-media":"","overlay-type":"","overlay-color":"","overlay-opacity":"","overlay-gradient":""},"tablet":{"background-color":"var(--ast-global-color-4)","background-image":"","background-repeat":"repeat","background-position":"center center","background-size":"auto","background-attachment":"scroll","background-type":"","background-media":"","overlay-type":"","overlay-color":"","overlay-opacity":"","overlay-gradient":""},"mobile":{"background-color":"var(--ast-global-color-4)","background-image":"","background-repeat":"repeat","background-position":"center center","background-size":"auto","background-attachment":"scroll","background-type":"","background-media":"","overlay-type":"","overlay-color":"","overlay-opacity":"","overlay-gradient":""}},"footnotes":""},"class_list":["post-26","page","type-page","status-publish","has-post-thumbnail","hentry"],"_links":{"self":[{"href":"https:\/\/vandihaven.dk\/index.php?rest_route=\/wp\/v2\/pages\/26","targetHints":{"allow":["GET"]}}],"collection":[{"href":"https:\/\/vandihaven.dk\/index.php?rest_route=\/wp\/v2\/pages"}],"about":[{"href":"https:\/\/vandihaven.dk\/index.php?rest_route=\/wp\/v2\/types\/page"}],"author":[{"embeddable":true,"href":"https:\/\/vandihaven.dk\/index.php?rest_route=\/wp\/v2\/users\/1"}],"replies":[{"embeddable":true,"href":"https:\/\/vandihaven.dk\/index.php?rest_route=%2Fwp%2Fv2%2Fcomments&post=26"}],"version-history":[{"count":82,"href":"https:\/\/vandihaven.dk\/index.php?rest_route=\/wp\/v2\/pages\/26\/revisions"}],"predecessor-version":[{"id":121,"href":"https:\/\/vandihaven.dk\/index.php?rest_route=\/wp\/v2\/pages\/26\/revisions\/121"}],"wp:featuredmedia":[{"embeddable":true,"href":"https:\/\/vandihaven.dk\/index.php?rest_route=\/wp\/v2\/media\/40"}],"wp:attachment":[{"href":"https:\/\/vandihaven.dk\/index.php?rest_route=%2Fwp%2Fv2%2Fmedia&parent=26"}],"curies":[{"name":"wp","href":"https:\/\/api.w.org\/{rel}","templated":true}]}}